{"id":2022,"date":"2022-07-09T17:47:41","date_gmt":"2022-07-09T17:47:41","guid":{"rendered":"https:\/\/www.mkthrif.is\/?page_id=2022"},"modified":"2023-03-25T14:02:59","modified_gmt":"2023-03-25T14:02:59","slug":"medmaeli","status":"publish","type":"page","link":"https:\/\/www.mkthrif.is\/index.php\/medmaeli\/","title":{"rendered":"Me\u00f0m\u00e6li"},"content":{"rendered":"\t\t<div data-elementor-type=\"wp-page\" data-elementor-id=\"2022\" class=\"elementor elementor-2022\">\n\t\t\t\t\t\t\t\t\t<section class=\"elementor-section elementor-top-section elementor-element elementor-element-b52920b elementor-section-boxed elementor-section-height-default elementor-section-height-default\" data-id=\"b52920b\" data-element_type=\"section\">\n\t\t\t\t\t\t<div class=\"elementor-container elementor-column-gap-default\">\n\t\t\t\t\t<div class=\"elementor-column elementor-col-33 elementor-top-column elementor-element elementor-element-c925804\" data-id=\"c925804\" data-element_type=\"column\">\n\t\t\t<div class=\"elementor-widget-wrap elementor-element-populated\">\n\t\t\t\t\t\t\t\t<div class=\"elementor-element elementor-element-65eeec2 elementor-arrows-yes elementor-pagination-type-bullets elementor-review--has-separator elementor--star-style-star_fontawesome elementor-widget elementor-widget-reviews\" data-id=\"65eeec2\" data-element_type=\"widget\" data-settings=\"{&quot;show_arrows&quot;:&quot;yes&quot;,&quot;pagination&quot;:&quot;bullets&quot;,&quot;speed&quot;:500,&quot;autoplay&quot;:&quot;yes&quot;,&quot;autoplay_speed&quot;:5000,&quot;loop&quot;:&quot;yes&quot;,&quot;pause_on_hover&quot;:&quot;yes&quot;,&quot;pause_on_interaction&quot;:&quot;yes&quot;,&quot;space_between&quot;:{&quot;unit&quot;:&quot;px&quot;,&quot;size&quot;:10,&quot;sizes&quot;:[]},&quot;space_between_tablet&quot;:{&quot;unit&quot;:&quot;px&quot;,&quot;size&quot;:10,&quot;sizes&quot;:[]},&quot;space_between_mobile&quot;:{&quot;unit&quot;:&quot;px&quot;,&quot;size&quot;:10,&quot;sizes&quot;:[]}}\" data-widget_type=\"reviews.default\">\n\t\t\t\t<div class=\"elementor-widget-container\">\n\t\t\t<link rel=\"stylesheet\" href=\"https:\/\/www.mkthrif.is\/wp-content\/plugins\/elementor-pro\/assets\/css\/widget-carousel.min.css\">\t\t<div class=\"elementor-swiper\">\n\t\t\t<div class=\"elementor-main-swiper swiper-container\">\n\t\t\t\t<div class=\"swiper-wrapper\">\n\t\t\t\t\t\t\t\t\t\t\t<div class=\"swiper-slide\">\n\t\t\t\t\t\t\t\t\t<div class=\"elementor-testimonial elementor-repeater-item-2964cd7\">\n\t\t\t\t\t\t\t<div class=\"elementor-testimonial__header\">\n\t\t\t\t\t\t\t\t\t\t\t<div class=\"elementor-testimonial__image\">\n\t\t\t\t\t\t\t<img decoding=\"async\" src=\"https:\/\/www.mkthrif.is\/wp-content\/plugins\/elementor\/assets\/images\/placeholder.png\" alt=\"Sigga\">\n\t\t\t\t\t\t\t\t\t\t\t\t\t<\/div>\n\t\t\t\t\t\t\t\t\t\t<cite class=\"elementor-testimonial__cite\"><span class=\"elementor-testimonial__name\">Sigga<\/span><\/cite>\t\t\t\t\t<div class=\"elementor-testimonial__icon elementor-icon elementor-icon-\"><span class=\"elementor-screen-only\">Read More<\/span><\/div>\t\t\t\t<\/div>\n\t\t\t\t\t\t\t\t\t\t<div class=\"elementor-testimonial__content\">\n\t\t\t\t\t<div class=\"elementor-testimonial__text\">\n\t\t\t\t\t\tAlltaf gott a\u00f0 koma heim eftir \u00ferif\t\t\t\t\t<\/div>\n\t\t\t\t<\/div>\n\t\t\t\t\t<\/div>\n\t\t\t\t\t\t\t\t<\/div>\n\t\t\t\t\t\t\t\t\t<\/div>\n\t\t\t\t\t\t\t<\/div>\n\t\t<\/div>\n\t\t\t\t<\/div>\n\t\t\t\t<\/div>\n\t\t\t\t\t<\/div>\n\t\t<\/div>\n\t\t\t\t<div class=\"elementor-column elementor-col-33 elementor-top-column elementor-element elementor-element-7ea297e\" data-id=\"7ea297e\" data-element_type=\"column\">\n\t\t\t<div class=\"elementor-widget-wrap elementor-element-populated\">\n\t\t\t\t\t\t\t\t<div class=\"elementor-element elementor-element-efcd7ce elementor-arrows-yes elementor-pagination-type-bullets elementor-review--has-separator elementor--star-style-star_fontawesome elementor-widget elementor-widget-reviews\" data-id=\"efcd7ce\" data-element_type=\"widget\" data-settings=\"{&quot;show_arrows&quot;:&quot;yes&quot;,&quot;pagination&quot;:&quot;bullets&quot;,&quot;speed&quot;:500,&quot;autoplay&quot;:&quot;yes&quot;,&quot;autoplay_speed&quot;:5000,&quot;loop&quot;:&quot;yes&quot;,&quot;pause_on_hover&quot;:&quot;yes&quot;,&quot;pause_on_interaction&quot;:&quot;yes&quot;,&quot;space_between&quot;:{&quot;unit&quot;:&quot;px&quot;,&quot;size&quot;:10,&quot;sizes&quot;:[]},&quot;space_between_tablet&quot;:{&quot;unit&quot;:&quot;px&quot;,&quot;size&quot;:10,&quot;sizes&quot;:[]},&quot;space_between_mobile&quot;:{&quot;unit&quot;:&quot;px&quot;,&quot;size&quot;:10,&quot;sizes&quot;:[]}}\" data-widget_type=\"reviews.default\">\n\t\t\t\t<div class=\"elementor-widget-container\">\n\t\t\t\t\t<div class=\"elementor-swiper\">\n\t\t\t<div class=\"elementor-main-swiper swiper-container\">\n\t\t\t\t<div class=\"swiper-wrapper\">\n\t\t\t\t\t\t\t\t\t\t\t<div class=\"swiper-slide\">\n\t\t\t\t\t\t\t\t\t<div class=\"elementor-testimonial elementor-repeater-item-4896a62\">\n\t\t\t\t\t\t\t<div class=\"elementor-testimonial__header\">\n\t\t\t\t\t\t\t\t\t\t\t<div class=\"elementor-testimonial__image\">\n\t\t\t\t\t\t\t<img decoding=\"async\" src=\"https:\/\/www.mkthrif.is\/wp-content\/plugins\/elementor\/assets\/images\/placeholder.png\" alt=\"Elisabeth\">\n\t\t\t\t\t\t\t\t\t\t\t\t\t<\/div>\n\t\t\t\t\t\t\t\t\t\t<cite class=\"elementor-testimonial__cite\"><span class=\"elementor-testimonial__name\">Elisabeth<\/span><\/cite>\t\t\t\t\t<div class=\"elementor-testimonial__icon elementor-icon elementor-icon-\"><span class=\"elementor-screen-only\">Read More<\/span><\/div>\t\t\t\t<\/div>\n\t\t\t\t\t\t\t\t\t\t<div class=\"elementor-testimonial__content\">\n\t\t\t\t\t<div class=\"elementor-testimonial__text\">\n\t\t\t\t\t\tAllt var svo f\u00ednt og hreint.\t\t\t\t\t<\/div>\n\t\t\t\t<\/div>\n\t\t\t\t\t<\/div>\n\t\t\t\t\t\t\t\t<\/div>\n\t\t\t\t\t\t\t\t\t<\/div>\n\t\t\t\t\t\t\t<\/div>\n\t\t<\/div>\n\t\t\t\t<\/div>\n\t\t\t\t<\/div>\n\t\t\t\t\t<\/div>\n\t\t<\/div>\n\t\t\t\t<div class=\"elementor-column elementor-col-33 elementor-top-column elementor-element elementor-element-57c70a5\" data-id=\"57c70a5\" data-element_type=\"column\">\n\t\t\t<div class=\"elementor-widget-wrap elementor-element-populated\">\n\t\t\t\t\t\t\t\t<div class=\"elementor-element elementor-element-8265b7b elementor-widget elementor-widget-image\" data-id=\"8265b7b\" data-element_type=\"widget\" data-widget_type=\"image.default\">\n\t\t\t\t<div class=\"elementor-widget-container\">\n\t\t\t<style>\/*! elementor - v3.13.2 - 11-05-2023 *\/\n.elementor-widget-image{text-align:center}.elementor-widget-image a{display:inline-block}.elementor-widget-image a img[src$=\".svg\"]{width:48px}.elementor-widget-image img{vertical-align:middle;display:inline-block}<\/style>\t\t\t\t\t\t\t\t\t\t\t\t<img loading=\"lazy\" decoding=\"async\" width=\"640\" height=\"398\" src=\"https:\/\/www.mkthrif.is\/wp-content\/uploads\/2023\/03\/334701788_606097477572919_375889599626485988_n-1024x637.jpg\" class=\"attachment-large size-large wp-image-2058\" alt=\"\" srcset=\"https:\/\/www.mkthrif.is\/wp-content\/uploads\/2023\/03\/334701788_606097477572919_375889599626485988_n-1024x637.jpg 1024w, https:\/\/www.mkthrif.is\/wp-content\/uploads\/2023\/03\/334701788_606097477572919_375889599626485988_n-300x187.jpg 300w, https:\/\/www.mkthrif.is\/wp-content\/uploads\/2023\/03\/334701788_606097477572919_375889599626485988_n-768x478.jpg 768w, https:\/\/www.mkthrif.is\/wp-content\/uploads\/2023\/03\/334701788_606097477572919_375889599626485988_n-776x483.jpg 776w, https:\/\/www.mkthrif.is\/wp-content\/uploads\/2023\/03\/334701788_606097477572919_375889599626485988_n.jpg 1077w\" sizes=\"auto, (max-width: 640px) 100vw, 640px\" \/>\t\t\t\t\t\t\t\t\t\t\t\t\t\t\t<\/div>\n\t\t\t\t<\/div>\n\t\t\t\t\t<\/div>\n\t\t<\/div>\n\t\t\t\t\t\t\t<\/div>\n\t\t<\/section>\n\t\t\t\t\t\t\t<\/div>\n\t\t","protected":false},"excerpt":{"rendered":"<p>Sigga Read More Alltaf gott a\u00f0 koma heim eftir \u00ferif Elisabeth Read More Allt var svo f\u00ednt og hreint.<\/p>\n","protected":false},"author":1,"featured_media":0,"parent":0,"menu_order":0,"comment_status":"closed","ping_status":"closed","template":"","meta":{"footnotes":""},"class_list":["post-2022","page","type-page","status-publish","hentry"],"yoast_head":"<!-- This site is optimized with the Yoast SEO plugin v20.7 - https:\/\/yoast.com\/wordpress\/plugins\/seo\/ -->\n<title>Me\u00f0m\u00e6li - mkthrif.is<\/title>\n<meta name=\"robots\" content=\"index, follow, max-snippet:-1, max-image-preview:large, max-video-preview:-1\" \/>\n<link rel=\"canonical\" href=\"https:\/\/www.mkthrif.is\/index.php\/medmaeli\/\" \/>\n<meta property=\"og:locale\" content=\"en_US\" \/>\n<meta property=\"og:type\" content=\"article\" \/>\n<meta property=\"og:title\" content=\"Me\u00f0m\u00e6li - mkthrif.is\" \/>\n<meta property=\"og:description\" content=\"Sigga Read More Alltaf gott a\u00f0 koma heim eftir \u00ferif Elisabeth Read More Allt var svo f\u00ednt og hreint.\" \/>\n<meta property=\"og:url\" content=\"https:\/\/www.mkthrif.is\/index.php\/medmaeli\/\" \/>\n<meta property=\"og:site_name\" content=\"mkthrif.is\" \/>\n<meta property=\"article:modified_time\" content=\"2023-03-25T14:02:59+00:00\" \/>\n<meta property=\"og:image\" content=\"https:\/\/www.mkthrif.is\/wp-content\/plugins\/elementor\/assets\/images\/placeholder.png\" \/>\n<meta name=\"twitter:card\" content=\"summary_large_image\" \/>\n<script type=\"application\/ld+json\" class=\"yoast-schema-graph\">{\"@context\":\"https:\/\/schema.org\",\"@graph\":[{\"@type\":\"WebPage\",\"@id\":\"https:\/\/www.mkthrif.is\/index.php\/medmaeli\/\",\"url\":\"https:\/\/www.mkthrif.is\/index.php\/medmaeli\/\",\"name\":\"Me\u00f0m\u00e6li - mkthrif.is\",\"isPartOf\":{\"@id\":\"https:\/\/www.mkthrif.is\/#website\"},\"datePublished\":\"2022-07-09T17:47:41+00:00\",\"dateModified\":\"2023-03-25T14:02:59+00:00\",\"breadcrumb\":{\"@id\":\"https:\/\/www.mkthrif.is\/index.php\/medmaeli\/#breadcrumb\"},\"inLanguage\":\"en-US\",\"potentialAction\":[{\"@type\":\"ReadAction\",\"target\":[\"https:\/\/www.mkthrif.is\/index.php\/medmaeli\/\"]}]},{\"@type\":\"BreadcrumbList\",\"@id\":\"https:\/\/www.mkthrif.is\/index.php\/medmaeli\/#breadcrumb\",\"itemListElement\":[{\"@type\":\"ListItem\",\"position\":1,\"name\":\"Home\",\"item\":\"https:\/\/www.mkthrif.is\/\"},{\"@type\":\"ListItem\",\"position\":2,\"name\":\"Me\u00f0m\u00e6li\"}]},{\"@type\":\"WebSite\",\"@id\":\"https:\/\/www.mkthrif.is\/#website\",\"url\":\"https:\/\/www.mkthrif.is\/\",\"name\":\"mkthrif.is\",\"description\":\"r\u00e6astingar fyrirt\u00e6ki\",\"potentialAction\":[{\"@type\":\"SearchAction\",\"target\":{\"@type\":\"EntryPoint\",\"urlTemplate\":\"https:\/\/www.mkthrif.is\/?s={search_term_string}\"},\"query-input\":\"required name=search_term_string\"}],\"inLanguage\":\"en-US\"}]}<\/script>\n<!-- \/ Yoast SEO plugin. -->","yoast_head_json":{"title":"Me\u00f0m\u00e6li - mkthrif.is","robots":{"index":"index","follow":"follow","max-snippet":"max-snippet:-1","max-image-preview":"max-image-preview:large","max-video-preview":"max-video-preview:-1"},"canonical":"https:\/\/www.mkthrif.is\/index.php\/medmaeli\/","og_locale":"en_US","og_type":"article","og_title":"Me\u00f0m\u00e6li - mkthrif.is","og_description":"Sigga Read More Alltaf gott a\u00f0 koma heim eftir \u00ferif Elisabeth Read More Allt var svo f\u00ednt og hreint.","og_url":"https:\/\/www.mkthrif.is\/index.php\/medmaeli\/","og_site_name":"mkthrif.is","article_modified_time":"2023-03-25T14:02:59+00:00","og_image":[{"url":"https:\/\/www.mkthrif.is\/wp-content\/plugins\/elementor\/assets\/images\/placeholder.png"}],"twitter_card":"summary_large_image","schema":{"@context":"https:\/\/schema.org","@graph":[{"@type":"WebPage","@id":"https:\/\/www.mkthrif.is\/index.php\/medmaeli\/","url":"https:\/\/www.mkthrif.is\/index.php\/medmaeli\/","name":"Me\u00f0m\u00e6li - mkthrif.is","isPartOf":{"@id":"https:\/\/www.mkthrif.is\/#website"},"datePublished":"2022-07-09T17:47:41+00:00","dateModified":"2023-03-25T14:02:59+00:00","breadcrumb":{"@id":"https:\/\/www.mkthrif.is\/index.php\/medmaeli\/#breadcrumb"},"inLanguage":"en-US","potentialAction":[{"@type":"ReadAction","target":["https:\/\/www.mkthrif.is\/index.php\/medmaeli\/"]}]},{"@type":"BreadcrumbList","@id":"https:\/\/www.mkthrif.is\/index.php\/medmaeli\/#breadcrumb","itemListElement":[{"@type":"ListItem","position":1,"name":"Home","item":"https:\/\/www.mkthrif.is\/"},{"@type":"ListItem","position":2,"name":"Me\u00f0m\u00e6li"}]},{"@type":"WebSite","@id":"https:\/\/www.mkthrif.is\/#website","url":"https:\/\/www.mkthrif.is\/","name":"mkthrif.is","description":"r\u00e6astingar fyrirt\u00e6ki","potentialAction":[{"@type":"SearchAction","target":{"@type":"EntryPoint","urlTemplate":"https:\/\/www.mkthrif.is\/?s={search_term_string}"},"query-input":"required name=search_term_string"}],"inLanguage":"en-US"}]}},"_links":{"self":[{"href":"https:\/\/www.mkthrif.is\/index.php\/wp-json\/wp\/v2\/pages\/2022","targetHints":{"allow":["GET"]}}],"collection":[{"href":"https:\/\/www.mkthrif.is\/index.php\/wp-json\/wp\/v2\/pages"}],"about":[{"href":"https:\/\/www.mkthrif.is\/index.php\/wp-json\/wp\/v2\/types\/page"}],"author":[{"embeddable":true,"href":"https:\/\/www.mkthrif.is\/index.php\/wp-json\/wp\/v2\/users\/1"}],"replies":[{"embeddable":true,"href":"https:\/\/www.mkthrif.is\/index.php\/wp-json\/wp\/v2\/comments?post=2022"}],"version-history":[{"count":10,"href":"https:\/\/www.mkthrif.is\/index.php\/wp-json\/wp\/v2\/pages\/2022\/revisions"}],"predecessor-version":[{"id":2061,"href":"https:\/\/www.mkthrif.is\/index.php\/wp-json\/wp\/v2\/pages\/2022\/revisions\/2061"}],"wp:attachment":[{"href":"https:\/\/www.mkthrif.is\/index.php\/wp-json\/wp\/v2\/media?parent=2022"}],"curies":[{"name":"wp","href":"https:\/\/api.w.org\/{rel}","templated":true}]}}