{"id":1541,"date":"2021-08-29T06:28:33","date_gmt":"2021-08-29T06:28:33","guid":{"rendered":"https:\/\/smartdata.tonytemplates.com\/cleaning-service-v3\/demo1\/?page_id=1541"},"modified":"2022-02-01T09:51:54","modified_gmt":"2022-02-01T09:51:54","slug":"about-us","status":"publish","type":"page","link":"https:\/\/www.mkthrif.is\/index.php\/about-us\/","title":{"rendered":"Um okkar"},"content":{"rendered":"\t\t<div data-elementor-type=\"wp-page\" data-elementor-id=\"1541\" class=\"elementor elementor-1541\">\n\t\t\t\t\t\t\t\t\t<section class=\"elementor-section elementor-top-section elementor-element elementor-element-1c452a81 elementor-section-full_width elementor-section-height-default elementor-section-height-default\" data-id=\"1c452a81\" data-element_type=\"section\">\n\t\t\t\t\t\t<div class=\"elementor-container elementor-column-gap-no\">\n\t\t\t\t\t<div class=\"elementor-column elementor-col-100 elementor-top-column elementor-element elementor-element-4e6d3adc\" data-id=\"4e6d3adc\" data-element_type=\"column\">\n\t\t\t<div class=\"elementor-widget-wrap elementor-element-populated\">\n\t\t\t\t\t\t\t\t<div class=\"elementor-element elementor-element-5761eee6 elementor-widget elementor-widget-cleaning_about_company\" data-id=\"5761eee6\" data-element_type=\"widget\" data-widget_type=\"cleaning_about_company.default\">\n\t\t\t\t<div class=\"elementor-widget-container\">\n\t\t\t        <div class=\"block fullwidth no-pad cleaning-about-company\">\n            <div class=\"container\">\n                \t\t\t\t<h1 class=\"text-center h-decor\">\n\t\t\t\t\tUm okkar\t\t\t\t<\/h1>\n\t\t\t                                 <div class=\"divider\"><\/div>\n                <div class=\"row-flex-text\">\n                    <div class=\"col-50 bg-cover hide-bg-sm\" data-bg=\"https:\/\/www.mkthrif.is\/wp-content\/uploads\/2022\/02\/271492491_481211820043869_334684901625830173_n.jpg\" style=\"background-image: url(https:\/\/www.mkthrif.is\/wp-content\/uploads\/2022\/02\/271492491_481211820043869_334684901625830173_n.jpg);\">\n                        <div class=\"visible-sm visible-xs\"><img decoding=\"async\" src=\"https:\/\/www.mkthrif.is\/wp-content\/uploads\/2022\/02\/271492491_481211820043869_334684901625830173_n.jpg\" class=\"img-fullwidth\" loading=\"lazy\" alt=\"About Us\"><\/div>\n                    <\/div>\n                    <div class=\"col-50 bg-text\">\n                        <div class=\"bg-text-inside\">\n                            <h4>Meira en 10 \u00e1ra reynsla af \u00ferifum.<\/h4>\n                            MK \u00ferif ehf var stofna \u00ed mars 2018.\nMaria eftir margra \u00e1ra vinnu fyrir a\u00f0ra \u00e1kve\u00f0a stofnun fyrirt\u00e6ki.\nFyrirt\u00e6ki\u00f0 okkar b\u00fd\u00f0ur upp \u00e1 heima\u00ferif ,flutnins\u00ferif ,airbnb \u00ferif , sameign\u00ferif, i\u00f0na\u00f0ar\u00ferif.                        <\/div>\n                    <\/div>\n                <\/div>\n            <\/div>\n        <\/div>\n\t\t<\/div>\n\t\t\t\t<\/div>\n\t\t\t\t\t<\/div>\n\t\t<\/div>\n\t\t\t\t\t\t\t<\/div>\n\t\t<\/section>\n\t\t\t\t\t\t\t<\/div>\n\t\t","protected":false},"excerpt":{"rendered":"<p>Um okkar Meira en 10 \u00e1ra reynsla af \u00ferifum. MK \u00ferif ehf var stofna \u00ed mars 2018. Maria eftir margra \u00e1ra vinnu fyrir a\u00f0ra \u00e1kve\u00f0a stofnun fyrirt\u00e6ki. Fyrirt\u00e6ki\u00f0 okkar b\u00fd\u00f0ur upp \u00e1 heima\u00ferif ,flutnins\u00ferif ,airbnb \u00ferif , sameign\u00ferif, i\u00f0na\u00f0ar\u00ferif.<\/p>\n","protected":false},"author":1,"featured_media":0,"parent":0,"menu_order":0,"comment_status":"closed","ping_status":"closed","template":"elementor_header_footer","meta":{"footnotes":""},"class_list":["post-1541","page","type-page","status-publish","hentry"],"yoast_head":"<!-- This site is optimized with the Yoast SEO plugin v20.7 - https:\/\/yoast.com\/wordpress\/plugins\/seo\/ -->\n<title>Um okkar - mkthrif.is<\/title>\n<meta name=\"robots\" content=\"index, follow, max-snippet:-1, max-image-preview:large, max-video-preview:-1\" \/>\n<link rel=\"canonical\" href=\"https:\/\/www.mkthrif.is\/index.php\/about-us\/\" \/>\n<meta property=\"og:locale\" content=\"en_US\" \/>\n<meta property=\"og:type\" content=\"article\" \/>\n<meta property=\"og:title\" content=\"Um okkar - mkthrif.is\" \/>\n<meta property=\"og:description\" content=\"Um okkar Meira en 10 \u00e1ra reynsla af \u00ferifum. MK \u00ferif ehf var stofna \u00ed mars 2018. Maria eftir margra \u00e1ra vinnu fyrir a\u00f0ra \u00e1kve\u00f0a stofnun fyrirt\u00e6ki. Fyrirt\u00e6ki\u00f0 okkar b\u00fd\u00f0ur upp \u00e1 heima\u00ferif ,flutnins\u00ferif ,airbnb \u00ferif , sameign\u00ferif, i\u00f0na\u00f0ar\u00ferif.\" \/>\n<meta property=\"og:url\" content=\"https:\/\/www.mkthrif.is\/index.php\/about-us\/\" \/>\n<meta property=\"og:site_name\" content=\"mkthrif.is\" \/>\n<meta property=\"article:modified_time\" content=\"2022-02-01T09:51:54+00:00\" \/>\n<meta property=\"og:image\" content=\"https:\/\/www.mkthrif.is\/wp-content\/uploads\/2022\/02\/271492491_481211820043869_334684901625830173_n.jpg\" \/>\n<meta name=\"twitter:card\" content=\"summary_large_image\" \/>\n<meta name=\"twitter:label1\" content=\"Est. reading time\" \/>\n\t<meta name=\"twitter:data1\" content=\"1 minute\" \/>\n<script type=\"application\/ld+json\" class=\"yoast-schema-graph\">{\"@context\":\"https:\/\/schema.org\",\"@graph\":[{\"@type\":\"WebPage\",\"@id\":\"https:\/\/www.mkthrif.is\/index.php\/about-us\/\",\"url\":\"https:\/\/www.mkthrif.is\/index.php\/about-us\/\",\"name\":\"Um okkar - mkthrif.is\",\"isPartOf\":{\"@id\":\"https:\/\/www.mkthrif.is\/#website\"},\"datePublished\":\"2021-08-29T06:28:33+00:00\",\"dateModified\":\"2022-02-01T09:51:54+00:00\",\"breadcrumb\":{\"@id\":\"https:\/\/www.mkthrif.is\/index.php\/about-us\/#breadcrumb\"},\"inLanguage\":\"en-US\",\"potentialAction\":[{\"@type\":\"ReadAction\",\"target\":[\"https:\/\/www.mkthrif.is\/index.php\/about-us\/\"]}]},{\"@type\":\"BreadcrumbList\",\"@id\":\"https:\/\/www.mkthrif.is\/index.php\/about-us\/#breadcrumb\",\"itemListElement\":[{\"@type\":\"ListItem\",\"position\":1,\"name\":\"Home\",\"item\":\"https:\/\/www.mkthrif.is\/\"},{\"@type\":\"ListItem\",\"position\":2,\"name\":\"Um okkar\"}]},{\"@type\":\"WebSite\",\"@id\":\"https:\/\/www.mkthrif.is\/#website\",\"url\":\"https:\/\/www.mkthrif.is\/\",\"name\":\"mkthrif.is\",\"description\":\"r\u00e6astingar fyrirt\u00e6ki\",\"potentialAction\":[{\"@type\":\"SearchAction\",\"target\":{\"@type\":\"EntryPoint\",\"urlTemplate\":\"https:\/\/www.mkthrif.is\/?s={search_term_string}\"},\"query-input\":\"required name=search_term_string\"}],\"inLanguage\":\"en-US\"}]}<\/script>\n<!-- \/ Yoast SEO plugin. -->","yoast_head_json":{"title":"Um okkar - mkthrif.is","robots":{"index":"index","follow":"follow","max-snippet":"max-snippet:-1","max-image-preview":"max-image-preview:large","max-video-preview":"max-video-preview:-1"},"canonical":"https:\/\/www.mkthrif.is\/index.php\/about-us\/","og_locale":"en_US","og_type":"article","og_title":"Um okkar - mkthrif.is","og_description":"Um okkar Meira en 10 \u00e1ra reynsla af \u00ferifum. MK \u00ferif ehf var stofna \u00ed mars 2018. Maria eftir margra \u00e1ra vinnu fyrir a\u00f0ra \u00e1kve\u00f0a stofnun fyrirt\u00e6ki. Fyrirt\u00e6ki\u00f0 okkar b\u00fd\u00f0ur upp \u00e1 heima\u00ferif ,flutnins\u00ferif ,airbnb \u00ferif , sameign\u00ferif, i\u00f0na\u00f0ar\u00ferif.","og_url":"https:\/\/www.mkthrif.is\/index.php\/about-us\/","og_site_name":"mkthrif.is","article_modified_time":"2022-02-01T09:51:54+00:00","og_image":[{"url":"https:\/\/www.mkthrif.is\/wp-content\/uploads\/2022\/02\/271492491_481211820043869_334684901625830173_n.jpg"}],"twitter_card":"summary_large_image","twitter_misc":{"Est. reading time":"1 minute"},"schema":{"@context":"https:\/\/schema.org","@graph":[{"@type":"WebPage","@id":"https:\/\/www.mkthrif.is\/index.php\/about-us\/","url":"https:\/\/www.mkthrif.is\/index.php\/about-us\/","name":"Um okkar - mkthrif.is","isPartOf":{"@id":"https:\/\/www.mkthrif.is\/#website"},"datePublished":"2021-08-29T06:28:33+00:00","dateModified":"2022-02-01T09:51:54+00:00","breadcrumb":{"@id":"https:\/\/www.mkthrif.is\/index.php\/about-us\/#breadcrumb"},"inLanguage":"en-US","potentialAction":[{"@type":"ReadAction","target":["https:\/\/www.mkthrif.is\/index.php\/about-us\/"]}]},{"@type":"BreadcrumbList","@id":"https:\/\/www.mkthrif.is\/index.php\/about-us\/#breadcrumb","itemListElement":[{"@type":"ListItem","position":1,"name":"Home","item":"https:\/\/www.mkthrif.is\/"},{"@type":"ListItem","position":2,"name":"Um okkar"}]},{"@type":"WebSite","@id":"https:\/\/www.mkthrif.is\/#website","url":"https:\/\/www.mkthrif.is\/","name":"mkthrif.is","description":"r\u00e6astingar fyrirt\u00e6ki","potentialAction":[{"@type":"SearchAction","target":{"@type":"EntryPoint","urlTemplate":"https:\/\/www.mkthrif.is\/?s={search_term_string}"},"query-input":"required name=search_term_string"}],"inLanguage":"en-US"}]}},"_links":{"self":[{"href":"https:\/\/www.mkthrif.is\/index.php\/wp-json\/wp\/v2\/pages\/1541","targetHints":{"allow":["GET"]}}],"collection":[{"href":"https:\/\/www.mkthrif.is\/index.php\/wp-json\/wp\/v2\/pages"}],"about":[{"href":"https:\/\/www.mkthrif.is\/index.php\/wp-json\/wp\/v2\/types\/page"}],"author":[{"embeddable":true,"href":"https:\/\/www.mkthrif.is\/index.php\/wp-json\/wp\/v2\/users\/1"}],"replies":[{"embeddable":true,"href":"https:\/\/www.mkthrif.is\/index.php\/wp-json\/wp\/v2\/comments?post=1541"}],"version-history":[{"count":4,"href":"https:\/\/www.mkthrif.is\/index.php\/wp-json\/wp\/v2\/pages\/1541\/revisions"}],"predecessor-version":[{"id":1803,"href":"https:\/\/www.mkthrif.is\/index.php\/wp-json\/wp\/v2\/pages\/1541\/revisions\/1803"}],"wp:attachment":[{"href":"https:\/\/www.mkthrif.is\/index.php\/wp-json\/wp\/v2\/media?parent=1541"}],"curies":[{"name":"wp","href":"https:\/\/api.w.org\/{rel}","templated":true}]}}