{"id":1528,"date":"2021-08-29T06:06:47","date_gmt":"2021-08-29T06:06:47","guid":{"rendered":"https:\/\/smartdata.tonytemplates.com\/cleaning-service-v3\/demo1\/?page_id=1528"},"modified":"2022-02-01T10:43:37","modified_gmt":"2022-02-01T10:43:37","slug":"contacts","status":"publish","type":"page","link":"https:\/\/www.mkthrif.is\/index.php\/contacts\/","title":{"rendered":"Hafa samband"},"content":{"rendered":"\t\t<div data-elementor-type=\"wp-page\" data-elementor-id=\"1528\" class=\"elementor elementor-1528\">\n\t\t\t\t\t\t\t\t\t<section class=\"elementor-section elementor-top-section elementor-element elementor-element-64b85ee elementor-section-full_width elementor-section-height-default elementor-section-height-default\" data-id=\"64b85ee\" data-element_type=\"section\">\n\t\t\t\t\t\t<div class=\"elementor-container elementor-column-gap-no\">\n\t\t\t\t\t<div class=\"elementor-column elementor-col-100 elementor-top-column elementor-element elementor-element-9e53288\" data-id=\"9e53288\" data-element_type=\"column\">\n\t\t\t<div class=\"elementor-widget-wrap elementor-element-populated\">\n\t\t\t\t\t\t\t\t<div class=\"elementor-element elementor-element-472b4583 elementor-widget elementor-widget-text-editor\" data-id=\"472b4583\" data-element_type=\"widget\" data-widget_type=\"text-editor.default\">\n\t\t\t\t<div class=\"elementor-widget-container\">\n\t\t\t<style>\/*! elementor - v3.13.2 - 11-05-2023 *\/\n.elementor-widget-text-editor.elementor-drop-cap-view-stacked .elementor-drop-cap{background-color:#69727d;color:#fff}.elementor-widget-text-editor.elementor-drop-cap-view-framed .elementor-drop-cap{color:#69727d;border:3px solid;background-color:transparent}.elementor-widget-text-editor:not(.elementor-drop-cap-view-default) .elementor-drop-cap{margin-top:8px}.elementor-widget-text-editor:not(.elementor-drop-cap-view-default) .elementor-drop-cap-letter{width:1em;height:1em}.elementor-widget-text-editor .elementor-drop-cap{float:left;text-align:center;line-height:1;font-size:50px}.elementor-widget-text-editor .elementor-drop-cap-letter{display:inline-block}<\/style>\t\t\t\t<h1 class=\"text-center h-decor\">Hafa samband<\/h1>\t\t\t\t\t\t<\/div>\n\t\t\t\t<\/div>\n\t\t\t\t\t<\/div>\n\t\t<\/div>\n\t\t\t\t\t\t\t<\/div>\n\t\t<\/section>\n\t\t\t\t<section class=\"elementor-section elementor-top-section elementor-element elementor-element-27818bb8 elementor-section-boxed elementor-section-height-default elementor-section-height-default\" data-id=\"27818bb8\" data-element_type=\"section\">\n\t\t\t\t\t\t<div class=\"elementor-container elementor-column-gap-no\">\n\t\t\t\t\t<div class=\"elementor-column elementor-col-50 elementor-top-column elementor-element elementor-element-4154da4f col-md-4\" data-id=\"4154da4f\" data-element_type=\"column\">\n\t\t\t<div class=\"elementor-widget-wrap elementor-element-populated\">\n\t\t\t\t\t\t\t\t<div class=\"elementor-element elementor-element-2492855f elementor-widget elementor-widget-cleaning_contact_info\" data-id=\"2492855f\" data-element_type=\"widget\" data-widget_type=\"cleaning_contact_info.default\">\n\t\t\t\t<div class=\"elementor-widget-container\">\n\t\t\t \n    <h2>Okkar skrifstofa<\/h2>\n    <div id=\"cleaning_contact_box-1\" class=\"widget widget_cleaning_contact_box\">\n        <h4>Hafa samband<\/h4>\n        <div class=\"col-md-12\">\n             \n                <div class=\"contact-info-sm\">\n                    <h5>Heimilisfang<\/h5>\n                    <i aria-hidden=\"true\" class=\"icon  icon-map-marker\"><\/i>Rei\u00f0va\u00f0 5\n110 Reykjavik                <\/div> \n                 \n                <div class=\"contact-info-sm\">\n                    <h5>Simi<\/h5>\n                    <i aria-hidden=\"true\" class=\"icon  icon-technology\"><\/i>8638956                <\/div> \n                 \n                <div class=\"contact-info-sm\">\n                    <h5>Opnunart\u00edmi skrifstofu<\/h5>\n                    <i aria-hidden=\"true\" class=\"icon  icon-clock\"><\/i>M\u00e1n- Lau 8:00- 17:00                <\/div> \n                            <div class=\"divider\"><\/div>\n            <h5><\/h5>\n            <ul class=\"social-list\">\n             \n                <li><a href=\"#_\"   >\n                                <\/a><\/li>\n                            <\/ul>\n        <\/div>\n    <\/div>\n\t\t<\/div>\n\t\t\t\t<\/div>\n\t\t\t\t\t<\/div>\n\t\t<\/div>\n\t\t\t\t<div class=\"elementor-column elementor-col-50 elementor-top-column elementor-element elementor-element-475116d7 col-md-8\" data-id=\"475116d7\" data-element_type=\"column\">\n\t\t\t<div class=\"elementor-widget-wrap elementor-element-populated\">\n\t\t\t\t\t\t\t\t<div class=\"elementor-element elementor-element-8407366 elementor-widget elementor-widget-text-editor\" data-id=\"8407366\" data-element_type=\"widget\" data-widget_type=\"text-editor.default\">\n\t\t\t\t<div class=\"elementor-widget-container\">\n\t\t\t\t\t\t\t<h1 style=\"text-align: center;\">Hafa samband<\/h1>\t\t\t\t\t\t<\/div>\n\t\t\t\t<\/div>\n\t\t\t\t<div class=\"elementor-element elementor-element-18be0fff elementor-widget elementor-widget-shortcode\" data-id=\"18be0fff\" data-element_type=\"widget\" data-widget_type=\"shortcode.default\">\n\t\t\t\t<div class=\"elementor-widget-container\">\n\t\t\t\t\t<div class=\"elementor-shortcode\">\n<div class=\"wpcf7 no-js\" id=\"wpcf7-f1784-o1\" lang=\"en-US\" dir=\"ltr\">\n<div class=\"screen-reader-response\"><p role=\"status\" aria-live=\"polite\" aria-atomic=\"true\"><\/p> <ul><\/ul><\/div>\n<form action=\"\/index.php\/wp-json\/wp\/v2\/pages\/1528#wpcf7-f1784-o1\" method=\"post\" class=\"wpcf7-form init\" aria-label=\"Contact form\" novalidate=\"novalidate\" data-status=\"init\">\n<div style=\"display: none;\">\n<input type=\"hidden\" name=\"_wpcf7\" value=\"1784\" \/>\n<input type=\"hidden\" name=\"_wpcf7_version\" value=\"5.7.6\" \/>\n<input type=\"hidden\" name=\"_wpcf7_locale\" value=\"en_US\" \/>\n<input type=\"hidden\" name=\"_wpcf7_unit_tag\" value=\"wpcf7-f1784-o1\" \/>\n<input type=\"hidden\" name=\"_wpcf7_container_post\" value=\"0\" \/>\n<input type=\"hidden\" name=\"_wpcf7_posted_data_hash\" value=\"\" \/>\n<\/div>\n<p><label> Nafn<br \/>\n<span class=\"wpcf7-form-control-wrap\" data-name=\"your-name\"><input size=\"40\" class=\"wpcf7-form-control wpcf7-text wpcf7-validates-as-required\" aria-required=\"true\" aria-invalid=\"false\" value=\"\" type=\"text\" name=\"your-name\" \/><\/span> <\/label>\n<\/p>\n<p><label> Netfang<br \/>\n<span class=\"wpcf7-form-control-wrap\" data-name=\"your-email\"><input size=\"40\" class=\"wpcf7-form-control wpcf7-text wpcf7-email wpcf7-validates-as-required wpcf7-validates-as-email\" aria-required=\"true\" aria-invalid=\"false\" value=\"\" type=\"email\" name=\"your-email\" \/><\/span> <\/label>\n<\/p>\n<p><label> Kennitala<br \/>\n<span class=\"wpcf7-form-control-wrap\" data-name=\"your-subject\"><input size=\"40\" class=\"wpcf7-form-control wpcf7-text wpcf7-validates-as-required\" aria-required=\"true\" aria-invalid=\"false\" value=\"\" type=\"text\" name=\"your-subject\" \/><\/span> <\/label>\n<\/p>\n<p><label> Skilabo\u00f0<br \/>\n<span class=\"wpcf7-form-control-wrap\" data-name=\"your-message\"><textarea cols=\"40\" rows=\"10\" class=\"wpcf7-form-control wpcf7-textarea\" aria-invalid=\"false\" name=\"your-message\"><\/textarea><\/span> <\/label>\n<\/p>\n<p><input class=\"wpcf7-form-control has-spinner wpcf7-submit\" type=\"submit\" value=\"Senda\" \/>\n<\/p><p style=\"display: none !important;\"><label>&#916;<textarea name=\"_wpcf7_ak_hp_textarea\" cols=\"45\" rows=\"8\" maxlength=\"100\"><\/textarea><\/label><input type=\"hidden\" id=\"ak_js_1\" name=\"_wpcf7_ak_js\" value=\"244\"\/><script>document.getElementById( \"ak_js_1\" ).setAttribute( \"value\", ( new Date() ).getTime() );<\/script><\/p><div class=\"wpcf7-response-output\" aria-hidden=\"true\"><\/div>\n<\/form>\n<\/div>\n<\/div>\n\t\t\t\t<\/div>\n\t\t\t\t<\/div>\n\t\t\t\t\t<\/div>\n\t\t<\/div>\n\t\t\t\t\t\t\t<\/div>\n\t\t<\/section>\n\t\t\t\t\t\t\t<\/div>\n\t\t","protected":false},"excerpt":{"rendered":"<p>Hafa samband Okkar skrifstofa Hafa samband Heimilisfang Rei\u00f0va\u00f0 5 110 Reykjavik Simi 8638956 Opnunart\u00edmi skrifstofu M\u00e1n- Lau 8:00- 17:00 Hafa samband<\/p>\n","protected":false},"author":1,"featured_media":0,"parent":0,"menu_order":0,"comment_status":"closed","ping_status":"closed","template":"elementor_header_footer","meta":{"footnotes":""},"class_list":["post-1528","page","type-page","status-publish","hentry"],"yoast_head":"<!-- This site is optimized with the Yoast SEO plugin v20.7 - https:\/\/yoast.com\/wordpress\/plugins\/seo\/ -->\n<title>Hafa samband - mkthrif.is<\/title>\n<meta name=\"robots\" content=\"index, follow, max-snippet:-1, max-image-preview:large, max-video-preview:-1\" \/>\n<link rel=\"canonical\" href=\"https:\/\/www.mkthrif.is\/index.php\/contacts\/\" \/>\n<meta property=\"og:locale\" content=\"en_US\" \/>\n<meta property=\"og:type\" content=\"article\" \/>\n<meta property=\"og:title\" content=\"Hafa samband - mkthrif.is\" \/>\n<meta property=\"og:description\" content=\"Hafa samband Okkar skrifstofa Hafa samband Heimilisfang Rei\u00f0va\u00f0 5 110 Reykjavik Simi 8638956 Opnunart\u00edmi skrifstofu M\u00e1n- Lau 8:00- 17:00 Hafa samband\" \/>\n<meta property=\"og:url\" content=\"https:\/\/www.mkthrif.is\/index.php\/contacts\/\" \/>\n<meta property=\"og:site_name\" content=\"mkthrif.is\" \/>\n<meta property=\"article:modified_time\" content=\"2022-02-01T10:43:37+00:00\" \/>\n<meta name=\"twitter:card\" content=\"summary_large_image\" \/>\n<meta name=\"twitter:label1\" content=\"Est. reading time\" \/>\n\t<meta name=\"twitter:data1\" content=\"1 minute\" \/>\n<script type=\"application\/ld+json\" class=\"yoast-schema-graph\">{\"@context\":\"https:\/\/schema.org\",\"@graph\":[{\"@type\":\"WebPage\",\"@id\":\"https:\/\/www.mkthrif.is\/index.php\/contacts\/\",\"url\":\"https:\/\/www.mkthrif.is\/index.php\/contacts\/\",\"name\":\"Hafa samband - mkthrif.is\",\"isPartOf\":{\"@id\":\"https:\/\/www.mkthrif.is\/#website\"},\"datePublished\":\"2021-08-29T06:06:47+00:00\",\"dateModified\":\"2022-02-01T10:43:37+00:00\",\"breadcrumb\":{\"@id\":\"https:\/\/www.mkthrif.is\/index.php\/contacts\/#breadcrumb\"},\"inLanguage\":\"en-US\",\"potentialAction\":[{\"@type\":\"ReadAction\",\"target\":[\"https:\/\/www.mkthrif.is\/index.php\/contacts\/\"]}]},{\"@type\":\"BreadcrumbList\",\"@id\":\"https:\/\/www.mkthrif.is\/index.php\/contacts\/#breadcrumb\",\"itemListElement\":[{\"@type\":\"ListItem\",\"position\":1,\"name\":\"Home\",\"item\":\"https:\/\/www.mkthrif.is\/\"},{\"@type\":\"ListItem\",\"position\":2,\"name\":\"Hafa samband\"}]},{\"@type\":\"WebSite\",\"@id\":\"https:\/\/www.mkthrif.is\/#website\",\"url\":\"https:\/\/www.mkthrif.is\/\",\"name\":\"mkthrif.is\",\"description\":\"r\u00e6astingar fyrirt\u00e6ki\",\"potentialAction\":[{\"@type\":\"SearchAction\",\"target\":{\"@type\":\"EntryPoint\",\"urlTemplate\":\"https:\/\/www.mkthrif.is\/?s={search_term_string}\"},\"query-input\":\"required name=search_term_string\"}],\"inLanguage\":\"en-US\"}]}<\/script>\n<!-- \/ Yoast SEO plugin. -->","yoast_head_json":{"title":"Hafa samband - mkthrif.is","robots":{"index":"index","follow":"follow","max-snippet":"max-snippet:-1","max-image-preview":"max-image-preview:large","max-video-preview":"max-video-preview:-1"},"canonical":"https:\/\/www.mkthrif.is\/index.php\/contacts\/","og_locale":"en_US","og_type":"article","og_title":"Hafa samband - mkthrif.is","og_description":"Hafa samband Okkar skrifstofa Hafa samband Heimilisfang Rei\u00f0va\u00f0 5 110 Reykjavik Simi 8638956 Opnunart\u00edmi skrifstofu M\u00e1n- Lau 8:00- 17:00 Hafa samband","og_url":"https:\/\/www.mkthrif.is\/index.php\/contacts\/","og_site_name":"mkthrif.is","article_modified_time":"2022-02-01T10:43:37+00:00","twitter_card":"summary_large_image","twitter_misc":{"Est. reading time":"1 minute"},"schema":{"@context":"https:\/\/schema.org","@graph":[{"@type":"WebPage","@id":"https:\/\/www.mkthrif.is\/index.php\/contacts\/","url":"https:\/\/www.mkthrif.is\/index.php\/contacts\/","name":"Hafa samband - mkthrif.is","isPartOf":{"@id":"https:\/\/www.mkthrif.is\/#website"},"datePublished":"2021-08-29T06:06:47+00:00","dateModified":"2022-02-01T10:43:37+00:00","breadcrumb":{"@id":"https:\/\/www.mkthrif.is\/index.php\/contacts\/#breadcrumb"},"inLanguage":"en-US","potentialAction":[{"@type":"ReadAction","target":["https:\/\/www.mkthrif.is\/index.php\/contacts\/"]}]},{"@type":"BreadcrumbList","@id":"https:\/\/www.mkthrif.is\/index.php\/contacts\/#breadcrumb","itemListElement":[{"@type":"ListItem","position":1,"name":"Home","item":"https:\/\/www.mkthrif.is\/"},{"@type":"ListItem","position":2,"name":"Hafa samband"}]},{"@type":"WebSite","@id":"https:\/\/www.mkthrif.is\/#website","url":"https:\/\/www.mkthrif.is\/","name":"mkthrif.is","description":"r\u00e6astingar fyrirt\u00e6ki","potentialAction":[{"@type":"SearchAction","target":{"@type":"EntryPoint","urlTemplate":"https:\/\/www.mkthrif.is\/?s={search_term_string}"},"query-input":"required name=search_term_string"}],"inLanguage":"en-US"}]}},"_links":{"self":[{"href":"https:\/\/www.mkthrif.is\/index.php\/wp-json\/wp\/v2\/pages\/1528","targetHints":{"allow":["GET"]}}],"collection":[{"href":"https:\/\/www.mkthrif.is\/index.php\/wp-json\/wp\/v2\/pages"}],"about":[{"href":"https:\/\/www.mkthrif.is\/index.php\/wp-json\/wp\/v2\/types\/page"}],"author":[{"embeddable":true,"href":"https:\/\/www.mkthrif.is\/index.php\/wp-json\/wp\/v2\/users\/1"}],"replies":[{"embeddable":true,"href":"https:\/\/www.mkthrif.is\/index.php\/wp-json\/wp\/v2\/comments?post=1528"}],"version-history":[{"count":13,"href":"https:\/\/www.mkthrif.is\/index.php\/wp-json\/wp\/v2\/pages\/1528\/revisions"}],"predecessor-version":[{"id":1845,"href":"https:\/\/www.mkthrif.is\/index.php\/wp-json\/wp\/v2\/pages\/1528\/revisions\/1845"}],"wp:attachment":[{"href":"https:\/\/www.mkthrif.is\/index.php\/wp-json\/wp\/v2\/media?parent=1528"}],"curies":[{"name":"wp","href":"https:\/\/api.w.org\/{rel}","templated":true}]}}