{"id":13,"date":"2021-08-26T04:38:01","date_gmt":"2021-08-26T04:38:01","guid":{"rendered":"https:\/\/smartdata.tonytemplates.com\/cleaning-service-v3\/demo1\/?page_id=13"},"modified":"2023-01-24T22:52:33","modified_gmt":"2023-01-24T22:52:33","slug":"home","status":"publish","type":"page","link":"https:\/\/www.mkthrif.is\/","title":{"rendered":"Heim"},"content":{"rendered":"\t\t<div data-elementor-type=\"wp-page\" data-elementor-id=\"13\" class=\"elementor elementor-13\">\n\t\t\t\t\t\t\t\t\t<section class=\"elementor-section elementor-top-section elementor-element elementor-element-dec22d2 elementor-section-full_width elementor-section-height-default elementor-section-height-default\" data-id=\"dec22d2\" data-element_type=\"section\">\n\t\t\t\t\t\t<div class=\"elementor-container elementor-column-gap-no\">\n\t\t\t\t\t<div class=\"elementor-column elementor-col-100 elementor-top-column elementor-element elementor-element-21dc3d8\" data-id=\"21dc3d8\" data-element_type=\"column\">\n\t\t\t<div class=\"elementor-widget-wrap elementor-element-populated\">\n\t\t\t\t\t\t\t\t<div class=\"elementor-element elementor-element-e7019e3 elementor-widget elementor-widget-service_bubble\" data-id=\"e7019e3\" data-element_type=\"widget\" data-widget_type=\"service_bubble.default\">\n\t\t\t\t<div class=\"elementor-widget-container\">\n\t\t\t \n<div class=\"block bottom-null\">\n    <div class=\"container\">\n        \t\t\t\t<h2 class=\"text-center h-lg h-decor\">\n\t\t\t\t\tOkkar \u00fej\u00f3nusta\t\t\t\t<\/h2>\n\t\t\t        <div class=\"services-circle\">\n            <div class=\"services-circle-carousel \">\n                                        <div class=\"services-circle-item pos-1\">\n                            <a href=\"https:\/\/www.mkthrif.is\/index.php\/cleaning_services\/skrifstofuthrif\/\"   class=\"services-circle-item-img\">\n                                <img loading=\"lazy\" decoding=\"async\" width=\"388\" height=\"388\" src=\"https:\/\/www.mkthrif.is\/wp-content\/uploads\/2017\/06\/service-circle-1.png\" class=\"attachment-full size-full\" alt=\"\" srcset=\"https:\/\/www.mkthrif.is\/wp-content\/uploads\/2017\/06\/service-circle-1.png 388w, https:\/\/www.mkthrif.is\/wp-content\/uploads\/2017\/06\/service-circle-1-300x300.png 300w, https:\/\/www.mkthrif.is\/wp-content\/uploads\/2017\/06\/service-circle-1-150x150.png 150w, https:\/\/www.mkthrif.is\/wp-content\/uploads\/2017\/06\/service-circle-1-309x309.png 309w, https:\/\/www.mkthrif.is\/wp-content\/uploads\/2017\/06\/service-circle-1-369x369.png 369w\" sizes=\"auto, (max-width: 388px) 100vw, 388px\" \/>                            <\/a>\n                            <div class=\"services-circle-item-title\">Skrifstofu\u00ferif<\/div>\n                        <\/div>\n\n                                            <div class=\"services-circle-item pos-2\">\n                            <a href=\"https:\/\/www.mkthrif.is\/index.php\/cleaning_services\/residential-cleaning-4\/\"   class=\"services-circle-item-img\">\n                                <img loading=\"lazy\" decoding=\"async\" width=\"291\" height=\"291\" src=\"https:\/\/www.mkthrif.is\/wp-content\/uploads\/2017\/06\/service-circle-2.png\" class=\"attachment-full size-full\" alt=\"\" srcset=\"https:\/\/www.mkthrif.is\/wp-content\/uploads\/2017\/06\/service-circle-2.png 291w, https:\/\/www.mkthrif.is\/wp-content\/uploads\/2017\/06\/service-circle-2-150x150.png 150w\" sizes=\"auto, (max-width: 291px) 100vw, 291px\" \/>                            <\/a>\n                            <div class=\"services-circle-item-title\">Heimilis\u00ferif<\/div>\n                        <\/div>\n                                            <div class=\"services-circle-item pos-3\">\n                            <a href=\"https:\/\/www.mkthrif.is\/index.php\/cleaning_services\/sameignathrif\/\"   class=\"services-circle-item-img\">\n                                <img loading=\"lazy\" decoding=\"async\" width=\"357\" height=\"357\" src=\"https:\/\/www.mkthrif.is\/wp-content\/uploads\/2017\/06\/service-circle-3.png\" class=\"attachment-full size-full\" alt=\"\" srcset=\"https:\/\/www.mkthrif.is\/wp-content\/uploads\/2017\/06\/service-circle-3.png 357w, https:\/\/www.mkthrif.is\/wp-content\/uploads\/2017\/06\/service-circle-3-300x300.png 300w, https:\/\/www.mkthrif.is\/wp-content\/uploads\/2017\/06\/service-circle-3-150x150.png 150w, https:\/\/www.mkthrif.is\/wp-content\/uploads\/2017\/06\/service-circle-3-309x309.png 309w\" sizes=\"auto, (max-width: 357px) 100vw, 357px\" \/>                            <\/a>\n                            <div class=\"services-circle-item-title\">\n                                Sameign\u00ferif                            <\/div>\n                        <\/div>\n                                            <div class=\"services-circle-item pos-4\">\n                            <a href=\"https:\/\/www.mkthrif.is\/index.php\/cleaning_services\/flutningsthrif\/\"   class=\"services-circle-item-img\">\n                                <img loading=\"lazy\" decoding=\"async\" width=\"291\" height=\"291\" src=\"https:\/\/www.mkthrif.is\/wp-content\/uploads\/2017\/06\/service-circle-4.png\" class=\"attachment-full size-full\" alt=\"\" srcset=\"https:\/\/www.mkthrif.is\/wp-content\/uploads\/2017\/06\/service-circle-4.png 291w, https:\/\/www.mkthrif.is\/wp-content\/uploads\/2017\/06\/service-circle-4-150x150.png 150w\" sizes=\"auto, (max-width: 291px) 100vw, 291px\" \/>                            <\/a>\n                            <div class=\"services-circle-item-title\">\n                                Flutnings\u00ferif                            <\/div>\n                        <\/div>\n                                            <div class=\"services-circle-item pos-5 hidden-sm\">\n                            <div class=\"services-circle-item-img\">\n                                                            <\/div>\n                        <\/div>\n                                <\/div>\n        <\/div>\n    <\/div>\n<\/div>\n\t\t<\/div>\n\t\t\t\t<\/div>\n\t\t\t\t\t<\/div>\n\t\t<\/div>\n\t\t\t\t\t\t\t<\/div>\n\t\t<\/section>\n\t\t\t\t\t\t\t<\/div>\n\t\t","protected":false},"excerpt":{"rendered":"<p>Okkar \u00fej\u00f3nusta Skrifstofu\u00ferif Heimilis\u00ferif Sameign\u00ferif Flutnings\u00ferif<\/p>\n","protected":false},"author":1,"featured_media":0,"parent":0,"menu_order":0,"comment_status":"closed","ping_status":"closed","template":"elementor_header_footer","meta":{"footnotes":""},"class_list":["post-13","page","type-page","status-publish","hentry"],"yoast_head":"<!-- This site is optimized with the Yoast SEO plugin v20.7 - https:\/\/yoast.com\/wordpress\/plugins\/seo\/ -->\n<title>Heim - mkthrif.is<\/title>\n<meta name=\"description\" content=\"Meira en 10 \u00e1ra reynsla af \u00ferifum.MK \u00ferif ehf var stofna \u00ed mars 2018. Maria eftir margra \u00e1ra vinnu fyrir a\u00f0ra \u00e1kve\u00f0a stofnun fyrirt\u00e6ki. Fyrirt\u00e6ki\u00f0 okkar b\u00fd\u00f0ur upp \u00e1 heima\u00ferif ,flutnins\u00ferif ,airbnb \u00ferif , sameign\u00ferif, i\u00f0na\u00f0ar\u00ferif\" \/>\n<meta name=\"robots\" content=\"index, follow, max-snippet:-1, max-image-preview:large, max-video-preview:-1\" \/>\n<link rel=\"canonical\" href=\"https:\/\/www.mkthrif.is\/\" \/>\n<meta property=\"og:locale\" content=\"en_US\" \/>\n<meta property=\"og:type\" content=\"article\" \/>\n<meta property=\"og:title\" content=\"Heim - mkthrif.is\" \/>\n<meta property=\"og:description\" content=\"Meira en 10 \u00e1ra reynsla af \u00ferifum.MK \u00ferif ehf var stofna \u00ed mars 2018. Maria eftir margra \u00e1ra vinnu fyrir a\u00f0ra \u00e1kve\u00f0a stofnun fyrirt\u00e6ki. Fyrirt\u00e6ki\u00f0 okkar b\u00fd\u00f0ur upp \u00e1 heima\u00ferif ,flutnins\u00ferif ,airbnb \u00ferif , sameign\u00ferif, i\u00f0na\u00f0ar\u00ferif\" \/>\n<meta property=\"og:url\" content=\"https:\/\/www.mkthrif.is\/\" \/>\n<meta property=\"og:site_name\" content=\"mkthrif.is\" \/>\n<meta property=\"article:modified_time\" content=\"2023-01-24T22:52:33+00:00\" \/>\n<meta property=\"og:image\" content=\"https:\/\/www.mkthrif.is\/wp-content\/uploads\/2017\/06\/service-circle-1.png\" \/>\n<meta name=\"twitter:card\" content=\"summary_large_image\" \/>\n<meta name=\"twitter:label1\" content=\"Est. reading time\" \/>\n\t<meta name=\"twitter:data1\" content=\"1 minute\" \/>\n<script type=\"application\/ld+json\" class=\"yoast-schema-graph\">{\"@context\":\"https:\/\/schema.org\",\"@graph\":[{\"@type\":\"WebPage\",\"@id\":\"https:\/\/www.mkthrif.is\/\",\"url\":\"https:\/\/www.mkthrif.is\/\",\"name\":\"Heim - mkthrif.is\",\"isPartOf\":{\"@id\":\"https:\/\/www.mkthrif.is\/#website\"},\"datePublished\":\"2021-08-26T04:38:01+00:00\",\"dateModified\":\"2023-01-24T22:52:33+00:00\",\"description\":\"Meira en 10 \u00e1ra reynsla af \u00ferifum.MK \u00ferif ehf var stofna \u00ed mars 2018. Maria eftir margra \u00e1ra vinnu fyrir a\u00f0ra \u00e1kve\u00f0a stofnun fyrirt\u00e6ki. Fyrirt\u00e6ki\u00f0 okkar b\u00fd\u00f0ur upp \u00e1 heima\u00ferif ,flutnins\u00ferif ,airbnb \u00ferif , sameign\u00ferif, i\u00f0na\u00f0ar\u00ferif\",\"breadcrumb\":{\"@id\":\"https:\/\/www.mkthrif.is\/#breadcrumb\"},\"inLanguage\":\"en-US\",\"potentialAction\":[{\"@type\":\"ReadAction\",\"target\":[\"https:\/\/www.mkthrif.is\/\"]}]},{\"@type\":\"BreadcrumbList\",\"@id\":\"https:\/\/www.mkthrif.is\/#breadcrumb\",\"itemListElement\":[{\"@type\":\"ListItem\",\"position\":1,\"name\":\"Home\",\"item\":\"https:\/\/www.mkthrif.is\/\"},{\"@type\":\"ListItem\",\"position\":2,\"name\":\"Heim\"}]},{\"@type\":\"WebSite\",\"@id\":\"https:\/\/www.mkthrif.is\/#website\",\"url\":\"https:\/\/www.mkthrif.is\/\",\"name\":\"mkthrif.is\",\"description\":\"r\u00e6astingar fyrirt\u00e6ki\",\"potentialAction\":[{\"@type\":\"SearchAction\",\"target\":{\"@type\":\"EntryPoint\",\"urlTemplate\":\"https:\/\/www.mkthrif.is\/?s={search_term_string}\"},\"query-input\":\"required name=search_term_string\"}],\"inLanguage\":\"en-US\"}]}<\/script>\n<!-- \/ Yoast SEO plugin. -->","yoast_head_json":{"title":"Heim - mkthrif.is","description":"Meira en 10 \u00e1ra reynsla af \u00ferifum.MK \u00ferif ehf var stofna \u00ed mars 2018. Maria eftir margra \u00e1ra vinnu fyrir a\u00f0ra \u00e1kve\u00f0a stofnun fyrirt\u00e6ki. Fyrirt\u00e6ki\u00f0 okkar b\u00fd\u00f0ur upp \u00e1 heima\u00ferif ,flutnins\u00ferif ,airbnb \u00ferif , sameign\u00ferif, i\u00f0na\u00f0ar\u00ferif","robots":{"index":"index","follow":"follow","max-snippet":"max-snippet:-1","max-image-preview":"max-image-preview:large","max-video-preview":"max-video-preview:-1"},"canonical":"https:\/\/www.mkthrif.is\/","og_locale":"en_US","og_type":"article","og_title":"Heim - mkthrif.is","og_description":"Meira en 10 \u00e1ra reynsla af \u00ferifum.MK \u00ferif ehf var stofna \u00ed mars 2018. Maria eftir margra \u00e1ra vinnu fyrir a\u00f0ra \u00e1kve\u00f0a stofnun fyrirt\u00e6ki. Fyrirt\u00e6ki\u00f0 okkar b\u00fd\u00f0ur upp \u00e1 heima\u00ferif ,flutnins\u00ferif ,airbnb \u00ferif , sameign\u00ferif, i\u00f0na\u00f0ar\u00ferif","og_url":"https:\/\/www.mkthrif.is\/","og_site_name":"mkthrif.is","article_modified_time":"2023-01-24T22:52:33+00:00","og_image":[{"url":"https:\/\/www.mkthrif.is\/wp-content\/uploads\/2017\/06\/service-circle-1.png"}],"twitter_card":"summary_large_image","twitter_misc":{"Est. reading time":"1 minute"},"schema":{"@context":"https:\/\/schema.org","@graph":[{"@type":"WebPage","@id":"https:\/\/www.mkthrif.is\/","url":"https:\/\/www.mkthrif.is\/","name":"Heim - mkthrif.is","isPartOf":{"@id":"https:\/\/www.mkthrif.is\/#website"},"datePublished":"2021-08-26T04:38:01+00:00","dateModified":"2023-01-24T22:52:33+00:00","description":"Meira en 10 \u00e1ra reynsla af \u00ferifum.MK \u00ferif ehf var stofna \u00ed mars 2018. Maria eftir margra \u00e1ra vinnu fyrir a\u00f0ra \u00e1kve\u00f0a stofnun fyrirt\u00e6ki. Fyrirt\u00e6ki\u00f0 okkar b\u00fd\u00f0ur upp \u00e1 heima\u00ferif ,flutnins\u00ferif ,airbnb \u00ferif , sameign\u00ferif, i\u00f0na\u00f0ar\u00ferif","breadcrumb":{"@id":"https:\/\/www.mkthrif.is\/#breadcrumb"},"inLanguage":"en-US","potentialAction":[{"@type":"ReadAction","target":["https:\/\/www.mkthrif.is\/"]}]},{"@type":"BreadcrumbList","@id":"https:\/\/www.mkthrif.is\/#breadcrumb","itemListElement":[{"@type":"ListItem","position":1,"name":"Home","item":"https:\/\/www.mkthrif.is\/"},{"@type":"ListItem","position":2,"name":"Heim"}]},{"@type":"WebSite","@id":"https:\/\/www.mkthrif.is\/#website","url":"https:\/\/www.mkthrif.is\/","name":"mkthrif.is","description":"r\u00e6astingar fyrirt\u00e6ki","potentialAction":[{"@type":"SearchAction","target":{"@type":"EntryPoint","urlTemplate":"https:\/\/www.mkthrif.is\/?s={search_term_string}"},"query-input":"required name=search_term_string"}],"inLanguage":"en-US"}]}},"_links":{"self":[{"href":"https:\/\/www.mkthrif.is\/index.php\/wp-json\/wp\/v2\/pages\/13","targetHints":{"allow":["GET"]}}],"collection":[{"href":"https:\/\/www.mkthrif.is\/index.php\/wp-json\/wp\/v2\/pages"}],"about":[{"href":"https:\/\/www.mkthrif.is\/index.php\/wp-json\/wp\/v2\/types\/page"}],"author":[{"embeddable":true,"href":"https:\/\/www.mkthrif.is\/index.php\/wp-json\/wp\/v2\/users\/1"}],"replies":[{"embeddable":true,"href":"https:\/\/www.mkthrif.is\/index.php\/wp-json\/wp\/v2\/comments?post=13"}],"version-history":[{"count":39,"href":"https:\/\/www.mkthrif.is\/index.php\/wp-json\/wp\/v2\/pages\/13\/revisions"}],"predecessor-version":[{"id":2029,"href":"https:\/\/www.mkthrif.is\/index.php\/wp-json\/wp\/v2\/pages\/13\/revisions\/2029"}],"wp:attachment":[{"href":"https:\/\/www.mkthrif.is\/index.php\/wp-json\/wp\/v2\/media?parent=13"}],"curies":[{"name":"wp","href":"https:\/\/api.w.org\/{rel}","templated":true}]}}